{"id":8922,"date":"2019-01-18T03:09:30","date_gmt":"2019-01-18T03:09:30","guid":{"rendered":"https:\/\/camap.wpengine.com\/?page_id=8922"},"modified":"2021-12-21T18:44:41","modified_gmt":"2021-12-21T18:44:41","slug":"faqs","status":"publish","type":"page","link":"https:\/\/www.yuliocars.com\/en\/faqs\/","title":{"rendered":"FAQs"},"content":{"rendered":"<div class=\"wpb-content-wrapper\"><div class=\"vc_row wpb_row st bg-holder\"><div class='container'><div class='row'>\n\t<div class=\"wpb_column column_container col-md-9\"><div class=\"vc_column-inner wpb_wrapper\">\n\t\t\t<div class=\"st-faq-new st-faq\">\r\n\t<h3>FAQs<\/h3>\r\n\t\t\t\t\t\t\t\t<div class=\"item active\">\r\n\t\t\t\t\t<div class=\"header\">\r\n\t\t\t\t\t\t<i class=\"input-icon st-border-radius field-icon fa\"><svg height=\"18px\" width=\"18px\" version=\"1.1\" xmlns=\"http:\/\/www.w3.org\/2000\/svg\" xmlns:xlink=\"http:\/\/www.w3.org\/1999\/xlink\" x=\"0px\" y=\"0px\"\r\n     viewbox=\"0 0 24 24\" style=\"enable-background:new 0 0 24 24;\" xml:space=\"preserve\">\r\n\r\n<g fill=\"#5E6D77\">\r\n    <path d=\"M5.25,24c-0.116,0-0.232-0.027-0.336-0.079C4.659,23.793,4.5,23.536,4.5,23.25V19.5H2.25C1.009,19.5,0,18.491,0,17.25v-15        C0,1.009,1.009,0,2.25,0h19.5C22.991,0,24,1.009,24,2.25v15c0,1.241-1.009,2.25-2.25,2.25H11.5l-5.8,4.35        C5.571,23.947,5.411,24,5.25,24z M2.25,1.5C1.836,1.5,1.5,1.836,1.5,2.25v15C1.5,17.664,1.836,18,2.25,18h3        C5.664,18,6,18.336,6,18.75v3l4.8-3.6c0.129-0.097,0.289-0.15,0.45-0.15h10.5c0.414,0,0.75-0.336,0.75-0.75v-15        c0-0.414-0.336-0.75-0.75-0.75H2.25z\"\/>\r\n    <path d=\"M12,12c-0.414,0-0.75-0.336-0.75-0.75v-0.256c-0.001-0.952,0.602-1.805,1.5-2.122c0.897-0.317,1.5-1.17,1.5-2.121        c0-0.6-0.234-1.165-0.66-1.59c-0.425-0.426-0.99-0.66-1.59-0.66c-0.601,0-1.166,0.234-1.591,0.659        C9.984,5.584,9.75,6.149,9.75,6.75C9.75,7.164,9.414,7.5,9,7.5S8.25,7.163,8.25,6.75c0-2.067,1.683-3.749,3.75-3.749        c1.002,0,1.944,0.39,2.652,1.099c0.708,0.709,1.098,1.65,1.098,2.652c0,1.586-1.005,3.006-2.5,3.535        c-0.299,0.106-0.5,0.39-0.5,0.708v0.256C12.75,11.664,12.414,12,12,12z\"\/>\r\n    <circle cx=\"12\" cy=\"14.625\" r=\"1.125\"\/>\r\n<\/g>\r\n<\/svg><\/i>\t\t\t\t\t\t<h5>What is Yulio Cars?<\/h5>\r\n\t\t\t\t\t\t<span class=\"arrow\">\r\n\t\t\t\t\t\t\t<i class=\"fa fa-angle-down\"><\/i>\r\n\t\t\t\t\t\t<\/span>\r\n\t\t\t\t\t<\/div>\r\n\r\n\t\t\t\t\t\t\t\t\t\t\t<div class=\"body\">\r\n\t\t\t\t\t\t\tYulio Cars is an online car sharing platform, created to connect car owners solely and exclusively with Tourists who wish to book their vehicles.\t\t\t\t\t\t<\/div>\r\n\t\t\t\t\t\t\t\t\t<\/div>\r\n\t\t\t\t\t\t\t\t<div class=\"item\">\r\n\t\t\t\t\t<div class=\"header\">\r\n\t\t\t\t\t\t<i class=\"input-icon st-border-radius field-icon fa\"><svg height=\"18px\" width=\"18px\" version=\"1.1\" xmlns=\"http:\/\/www.w3.org\/2000\/svg\" xmlns:xlink=\"http:\/\/www.w3.org\/1999\/xlink\" x=\"0px\" y=\"0px\"\r\n     viewbox=\"0 0 24 24\" style=\"enable-background:new 0 0 24 24;\" xml:space=\"preserve\">\r\n\r\n<g fill=\"#5E6D77\">\r\n    <path d=\"M5.25,24c-0.116,0-0.232-0.027-0.336-0.079C4.659,23.793,4.5,23.536,4.5,23.25V19.5H2.25C1.009,19.5,0,18.491,0,17.25v-15        C0,1.009,1.009,0,2.25,0h19.5C22.991,0,24,1.009,24,2.25v15c0,1.241-1.009,2.25-2.25,2.25H11.5l-5.8,4.35        C5.571,23.947,5.411,24,5.25,24z M2.25,1.5C1.836,1.5,1.5,1.836,1.5,2.25v15C1.5,17.664,1.836,18,2.25,18h3        C5.664,18,6,18.336,6,18.75v3l4.8-3.6c0.129-0.097,0.289-0.15,0.45-0.15h10.5c0.414,0,0.75-0.336,0.75-0.75v-15        c0-0.414-0.336-0.75-0.75-0.75H2.25z\"\/>\r\n    <path d=\"M12,12c-0.414,0-0.75-0.336-0.75-0.75v-0.256c-0.001-0.952,0.602-1.805,1.5-2.122c0.897-0.317,1.5-1.17,1.5-2.121        c0-0.6-0.234-1.165-0.66-1.59c-0.425-0.426-0.99-0.66-1.59-0.66c-0.601,0-1.166,0.234-1.591,0.659        C9.984,5.584,9.75,6.149,9.75,6.75C9.75,7.164,9.414,7.5,9,7.5S8.25,7.163,8.25,6.75c0-2.067,1.683-3.749,3.75-3.749        c1.002,0,1.944,0.39,2.652,1.099c0.708,0.709,1.098,1.65,1.098,2.652c0,1.586-1.005,3.006-2.5,3.535        c-0.299,0.106-0.5,0.39-0.5,0.708v0.256C12.75,11.664,12.414,12,12,12z\"\/>\r\n    <circle cx=\"12\" cy=\"14.625\" r=\"1.125\"\/>\r\n<\/g>\r\n<\/svg><\/i>\t\t\t\t\t\t<h5>Who can book a vehicle as a Tourist?<\/h5>\r\n\t\t\t\t\t\t<span class=\"arrow\">\r\n\t\t\t\t\t\t\t<i class=\"fa fa-angle-down\"><\/i>\r\n\t\t\t\t\t\t<\/span>\r\n\t\t\t\t\t<\/div>\r\n\r\n\t\t\t\t\t\t\t\t\t\t\t<div class=\"body\">\r\n\t\t\t\t\t\t\tA person wishing to reserve a vehicle as a Tourist on the Yulio Cars Platform must: be 21 years of age or older, not be a resident of the State of Florida, not have been previously suspended or removed from the Platform, not have engaged in unlawful activity, have full authority to agree to the Terms and Conditions of the Platform, provide accurate, current and truthful information, provide a valid driving licence that has not been issued by the Florida Department of Motor Vehicles.\t\t\t\t\t\t<\/div>\r\n\t\t\t\t\t\t\t\t\t<\/div>\r\n\t\t\t\t\t\t\t\t<div class=\"item\">\r\n\t\t\t\t\t<div class=\"header\">\r\n\t\t\t\t\t\t<i class=\"input-icon st-border-radius field-icon fa\"><svg height=\"18px\" width=\"18px\" version=\"1.1\" xmlns=\"http:\/\/www.w3.org\/2000\/svg\" xmlns:xlink=\"http:\/\/www.w3.org\/1999\/xlink\" x=\"0px\" y=\"0px\"\r\n     viewbox=\"0 0 24 24\" style=\"enable-background:new 0 0 24 24;\" xml:space=\"preserve\">\r\n\r\n<g fill=\"#5E6D77\">\r\n    <path d=\"M5.25,24c-0.116,0-0.232-0.027-0.336-0.079C4.659,23.793,4.5,23.536,4.5,23.25V19.5H2.25C1.009,19.5,0,18.491,0,17.25v-15        C0,1.009,1.009,0,2.25,0h19.5C22.991,0,24,1.009,24,2.25v15c0,1.241-1.009,2.25-2.25,2.25H11.5l-5.8,4.35        C5.571,23.947,5.411,24,5.25,24z M2.25,1.5C1.836,1.5,1.5,1.836,1.5,2.25v15C1.5,17.664,1.836,18,2.25,18h3        C5.664,18,6,18.336,6,18.75v3l4.8-3.6c0.129-0.097,0.289-0.15,0.45-0.15h10.5c0.414,0,0.75-0.336,0.75-0.75v-15        c0-0.414-0.336-0.75-0.75-0.75H2.25z\"\/>\r\n    <path d=\"M12,12c-0.414,0-0.75-0.336-0.75-0.75v-0.256c-0.001-0.952,0.602-1.805,1.5-2.122c0.897-0.317,1.5-1.17,1.5-2.121        c0-0.6-0.234-1.165-0.66-1.59c-0.425-0.426-0.99-0.66-1.59-0.66c-0.601,0-1.166,0.234-1.591,0.659        C9.984,5.584,9.75,6.149,9.75,6.75C9.75,7.164,9.414,7.5,9,7.5S8.25,7.163,8.25,6.75c0-2.067,1.683-3.749,3.75-3.749        c1.002,0,1.944,0.39,2.652,1.099c0.708,0.709,1.098,1.65,1.098,2.652c0,1.586-1.005,3.006-2.5,3.535        c-0.299,0.106-0.5,0.39-0.5,0.708v0.256C12.75,11.664,12.414,12,12,12z\"\/>\r\n    <circle cx=\"12\" cy=\"14.625\" r=\"1.125\"\/>\r\n<\/g>\r\n<\/svg><\/i>\t\t\t\t\t\t<h5>How long does the approval process take?<\/h5>\r\n\t\t\t\t\t\t<span class=\"arrow\">\r\n\t\t\t\t\t\t\t<i class=\"fa fa-angle-down\"><\/i>\r\n\t\t\t\t\t\t<\/span>\r\n\t\t\t\t\t<\/div>\r\n\r\n\t\t\t\t\t\t\t\t\t\t\t<div class=\"body\">\r\n\t\t\t\t\t\t\tThe approval process by The Platform necessary to access to book a vehicle if you are a Tourist or to list a vehicle if you are a Host, requires a verification time of between 3-15 hours, depending on the timely submission by the user of all required documentation.\t\t\t\t\t\t<\/div>\r\n\t\t\t\t\t\t\t\t\t<\/div>\r\n\t\t\t\t\t\t\t\t<div class=\"item\">\r\n\t\t\t\t\t<div class=\"header\">\r\n\t\t\t\t\t\t<i class=\"input-icon st-border-radius field-icon fa\"><svg height=\"18px\" width=\"18px\" version=\"1.1\" xmlns=\"http:\/\/www.w3.org\/2000\/svg\" xmlns:xlink=\"http:\/\/www.w3.org\/1999\/xlink\" x=\"0px\" y=\"0px\"\r\n     viewbox=\"0 0 24 24\" style=\"enable-background:new 0 0 24 24;\" xml:space=\"preserve\">\r\n\r\n<g fill=\"#5E6D77\">\r\n    <path d=\"M5.25,24c-0.116,0-0.232-0.027-0.336-0.079C4.659,23.793,4.5,23.536,4.5,23.25V19.5H2.25C1.009,19.5,0,18.491,0,17.25v-15        C0,1.009,1.009,0,2.25,0h19.5C22.991,0,24,1.009,24,2.25v15c0,1.241-1.009,2.25-2.25,2.25H11.5l-5.8,4.35        C5.571,23.947,5.411,24,5.25,24z M2.25,1.5C1.836,1.5,1.5,1.836,1.5,2.25v15C1.5,17.664,1.836,18,2.25,18h3        C5.664,18,6,18.336,6,18.75v3l4.8-3.6c0.129-0.097,0.289-0.15,0.45-0.15h10.5c0.414,0,0.75-0.336,0.75-0.75v-15        c0-0.414-0.336-0.75-0.75-0.75H2.25z\"\/>\r\n    <path d=\"M12,12c-0.414,0-0.75-0.336-0.75-0.75v-0.256c-0.001-0.952,0.602-1.805,1.5-2.122c0.897-0.317,1.5-1.17,1.5-2.121        c0-0.6-0.234-1.165-0.66-1.59c-0.425-0.426-0.99-0.66-1.59-0.66c-0.601,0-1.166,0.234-1.591,0.659        C9.984,5.584,9.75,6.149,9.75,6.75C9.75,7.164,9.414,7.5,9,7.5S8.25,7.163,8.25,6.75c0-2.067,1.683-3.749,3.75-3.749        c1.002,0,1.944,0.39,2.652,1.099c0.708,0.709,1.098,1.65,1.098,2.652c0,1.586-1.005,3.006-2.5,3.535        c-0.299,0.106-0.5,0.39-0.5,0.708v0.256C12.75,11.664,12.414,12,12,12z\"\/>\r\n    <circle cx=\"12\" cy=\"14.625\" r=\"1.125\"\/>\r\n<\/g>\r\n<\/svg><\/i>\t\t\t\t\t\t<h5>What type of vehicles can I reserve or list?<\/h5>\r\n\t\t\t\t\t\t<span class=\"arrow\">\r\n\t\t\t\t\t\t\t<i class=\"fa fa-angle-down\"><\/i>\r\n\t\t\t\t\t\t<\/span>\r\n\t\t\t\t\t<\/div>\r\n\r\n\t\t\t\t\t\t\t\t\t\t\t<div class=\"body\">\r\n\t\t\t\t\t\t\tThe Platform offers vehicles that meet the eligibility requirements, therefore the Tourist and\/or Host can reserve: compact, SUVs, MiniVans, Sedans, Sports Cars, Hatchbacks. Must be registered in the United States, must meet all legal and insurance requirements, must have a clean title and must be no more than 6 years old.\t\t\t\t\t\t<\/div>\r\n\t\t\t\t\t\t\t\t\t<\/div>\r\n\t\t\t\t\t\t\t\t<div class=\"item\">\r\n\t\t\t\t\t<div class=\"header\">\r\n\t\t\t\t\t\t<i class=\"input-icon st-border-radius field-icon fa\"><svg height=\"18px\" width=\"18px\" version=\"1.1\" xmlns=\"http:\/\/www.w3.org\/2000\/svg\" xmlns:xlink=\"http:\/\/www.w3.org\/1999\/xlink\" x=\"0px\" y=\"0px\"\r\n     viewbox=\"0 0 24 24\" style=\"enable-background:new 0 0 24 24;\" xml:space=\"preserve\">\r\n\r\n<g fill=\"#5E6D77\">\r\n    <path d=\"M5.25,24c-0.116,0-0.232-0.027-0.336-0.079C4.659,23.793,4.5,23.536,4.5,23.25V19.5H2.25C1.009,19.5,0,18.491,0,17.25v-15        C0,1.009,1.009,0,2.25,0h19.5C22.991,0,24,1.009,24,2.25v15c0,1.241-1.009,2.25-2.25,2.25H11.5l-5.8,4.35        C5.571,23.947,5.411,24,5.25,24z M2.25,1.5C1.836,1.5,1.5,1.836,1.5,2.25v15C1.5,17.664,1.836,18,2.25,18h3        C5.664,18,6,18.336,6,18.75v3l4.8-3.6c0.129-0.097,0.289-0.15,0.45-0.15h10.5c0.414,0,0.75-0.336,0.75-0.75v-15        c0-0.414-0.336-0.75-0.75-0.75H2.25z\"\/>\r\n    <path d=\"M12,12c-0.414,0-0.75-0.336-0.75-0.75v-0.256c-0.001-0.952,0.602-1.805,1.5-2.122c0.897-0.317,1.5-1.17,1.5-2.121        c0-0.6-0.234-1.165-0.66-1.59c-0.425-0.426-0.99-0.66-1.59-0.66c-0.601,0-1.166,0.234-1.591,0.659        C9.984,5.584,9.75,6.149,9.75,6.75C9.75,7.164,9.414,7.5,9,7.5S8.25,7.163,8.25,6.75c0-2.067,1.683-3.749,3.75-3.749        c1.002,0,1.944,0.39,2.652,1.099c0.708,0.709,1.098,1.65,1.098,2.652c0,1.586-1.005,3.006-2.5,3.535        c-0.299,0.106-0.5,0.39-0.5,0.708v0.256C12.75,11.664,12.414,12,12,12z\"\/>\r\n    <circle cx=\"12\" cy=\"14.625\" r=\"1.125\"\/>\r\n<\/g>\r\n<\/svg><\/i>\t\t\t\t\t\t<h5>What are Yulio Cars' pricing criteria?<\/h5>\r\n\t\t\t\t\t\t<span class=\"arrow\">\r\n\t\t\t\t\t\t\t<i class=\"fa fa-angle-down\"><\/i>\r\n\t\t\t\t\t\t<\/span>\r\n\t\t\t\t\t<\/div>\r\n\r\n\t\t\t\t\t\t\t\t\t\t\t<div class=\"body\">\r\n\t\t\t\t\t\t\tThe Platform automatically suggests the price at which the Host should list their vehicle, confirming to the vehicle's parameters, such as year, type and mileage among others.\t\t\t\t\t\t<\/div>\r\n\t\t\t\t\t\t\t\t\t<\/div>\r\n\t\t\t\t\t\t\t\t<div class=\"item\">\r\n\t\t\t\t\t<div class=\"header\">\r\n\t\t\t\t\t\t<i class=\"input-icon st-border-radius field-icon fa\"><svg height=\"18px\" width=\"18px\" version=\"1.1\" xmlns=\"http:\/\/www.w3.org\/2000\/svg\" xmlns:xlink=\"http:\/\/www.w3.org\/1999\/xlink\" x=\"0px\" y=\"0px\"\r\n     viewbox=\"0 0 24 24\" style=\"enable-background:new 0 0 24 24;\" xml:space=\"preserve\">\r\n\r\n<g fill=\"#5E6D77\">\r\n    <path d=\"M5.25,24c-0.116,0-0.232-0.027-0.336-0.079C4.659,23.793,4.5,23.536,4.5,23.25V19.5H2.25C1.009,19.5,0,18.491,0,17.25v-15        C0,1.009,1.009,0,2.25,0h19.5C22.991,0,24,1.009,24,2.25v15c0,1.241-1.009,2.25-2.25,2.25H11.5l-5.8,4.35        C5.571,23.947,5.411,24,5.25,24z M2.25,1.5C1.836,1.5,1.5,1.836,1.5,2.25v15C1.5,17.664,1.836,18,2.25,18h3        C5.664,18,6,18.336,6,18.75v3l4.8-3.6c0.129-0.097,0.289-0.15,0.45-0.15h10.5c0.414,0,0.75-0.336,0.75-0.75v-15        c0-0.414-0.336-0.75-0.75-0.75H2.25z\"\/>\r\n    <path d=\"M12,12c-0.414,0-0.75-0.336-0.75-0.75v-0.256c-0.001-0.952,0.602-1.805,1.5-2.122c0.897-0.317,1.5-1.17,1.5-2.121        c0-0.6-0.234-1.165-0.66-1.59c-0.425-0.426-0.99-0.66-1.59-0.66c-0.601,0-1.166,0.234-1.591,0.659        C9.984,5.584,9.75,6.149,9.75,6.75C9.75,7.164,9.414,7.5,9,7.5S8.25,7.163,8.25,6.75c0-2.067,1.683-3.749,3.75-3.749        c1.002,0,1.944,0.39,2.652,1.099c0.708,0.709,1.098,1.65,1.098,2.652c0,1.586-1.005,3.006-2.5,3.535        c-0.299,0.106-0.5,0.39-0.5,0.708v0.256C12.75,11.664,12.414,12,12,12z\"\/>\r\n    <circle cx=\"12\" cy=\"14.625\" r=\"1.125\"\/>\r\n<\/g>\r\n<\/svg><\/i>\t\t\t\t\t\t<h5>What are the geographical and mileage limits of Yulio Cars vehicles?<\/h5>\r\n\t\t\t\t\t\t<span class=\"arrow\">\r\n\t\t\t\t\t\t\t<i class=\"fa fa-angle-down\"><\/i>\r\n\t\t\t\t\t\t<\/span>\r\n\t\t\t\t\t<\/div>\r\n\r\n\t\t\t\t\t\t\t\t\t\t\t<div class=\"body\">\r\n\t\t\t\t\t\t\tThe Platform, in accordance with its business vision, proposes that the vehicle reservation service is limited to the exclusive use of the tourist as a non-resident user of the state of Florida and offers vehicles of excellent conditions listed by the Hosts who wish to generate extra income from the rental of their vehicles, therefore and as a premise of Yulio Cars, the vehicles are limited in their use in terms of the miles offered with the reservation of the day of travel and the geographical coverage where the vehicle can be used.\t\t\t\t\t\t<\/div>\r\n\t\t\t\t\t\t\t\t\t<\/div>\r\n\t\t\t\t\t\t\t<\/div>\r\n<div class=\"vc_empty_space\"   style=\"height: 32px\"><span class=\"vc_empty_space_inner\"><\/span><\/div><\/div>\n\t<\/div> \n\n\t<div class=\"wpb_column column_container col-md-3\"><div class=\"vc_column-inner wpb_wrapper\">\n\t\t\t<div class=\"vc_empty_space\"   style=\"height: 32px\"><span class=\"vc_empty_space_inner\"><\/span><\/div><div class=\"st-related-service-new\">\r\n            <div class=\"e-title-wrapper\">\r\n            <h3 class=\"e-title\">POPULAR VEHICLES<\/h3>\r\n        <\/div>\r\n        <div class=\"item\">\r\n    <div class=\"thumb\">\r\n        <a href=\"https:\/\/www.yuliocars.com\/en\/st_car\/2018-dodge-gran-caravan\/\">\r\n            <img decoding=\"async\" src=\"https:\/\/www.yuliocars.com\/wp-content\/uploads\/2022\/04\/Dodge-Grand-Caravan-2020-YulioCars-2-1-80x80.jpg\" alt=\"2018 DODGE GRAN CARAVAN VDK\"\r\n                 class=\"img-responsive img-full\">\r\n        <\/a>\r\n    <\/div>\r\n    <div class=\"content\">\r\n        <h3 class=\"title\"><a href=\"https:\/\/www.yuliocars.com\/en\/st_car\/2018-dodge-gran-caravan\/\" class=\"st-link c-main\">2018 DODGE GRAN CARAVAN VDK<\/a><\/h3>\r\n        <div class=\"price-wrapper\">\r\n            from <span class=\"price\">$125,00<\/span>\r\n        <\/div>\r\n    <\/div>\r\n<\/div><div class=\"item\">\r\n    <div class=\"thumb\">\r\n        <a href=\"https:\/\/www.yuliocars.com\/en\/st_car\/2018-kia-forte\/\">\r\n            <img decoding=\"async\" src=\"https:\/\/www.yuliocars.com\/wp-content\/uploads\/2022\/04\/2018-Kia-Forte-YulioCARS.com-1-80x80.jpg\" alt=\"2018 KIA FORTE R11\"\r\n                 class=\"img-responsive img-full\">\r\n        <\/a>\r\n    <\/div>\r\n    <div class=\"content\">\r\n        <h3 class=\"title\"><a href=\"https:\/\/www.yuliocars.com\/en\/st_car\/2018-kia-forte\/\" class=\"st-link c-main\">2018 KIA FORTE R11<\/a><\/h3>\r\n        <div class=\"price-wrapper\">\r\n            from <span class=\"price\">$103,00<\/span>\r\n        <\/div>\r\n    <\/div>\r\n<\/div><div class=\"item\">\r\n    <div class=\"thumb\">\r\n        <a href=\"https:\/\/www.yuliocars.com\/en\/st_car\/2018-kia-forte-apg\/\">\r\n            <img decoding=\"async\" src=\"https:\/\/www.yuliocars.com\/wp-content\/uploads\/2022\/04\/2018-Kia-Forte-YulioCARS.com-1-80x80.jpg\" alt=\"2018 KIA FORTE APG\"\r\n                 class=\"img-responsive img-full\">\r\n        <\/a>\r\n    <\/div>\r\n    <div class=\"content\">\r\n        <h3 class=\"title\"><a href=\"https:\/\/www.yuliocars.com\/en\/st_car\/2018-kia-forte-apg\/\" class=\"st-link c-main\">2018 KIA FORTE APG<\/a><\/h3>\r\n        <div class=\"price-wrapper\">\r\n            from <span class=\"price\">$95,00<\/span>\r\n        <\/div>\r\n    <\/div>\r\n<\/div><div class=\"item\">\r\n    <div class=\"thumb\">\r\n        <a href=\"https:\/\/www.yuliocars.com\/en\/st_car\/2019-dodge-gran-caravan\/\">\r\n            <img decoding=\"async\" src=\"https:\/\/www.yuliocars.com\/wp-content\/uploads\/2022\/04\/2019-Dodge-GRand-Caravan-YulioCars.com-17-80x80.jpg\" alt=\"2019 DODGE GRAND CARAVAN Z40\"\r\n                 class=\"img-responsive img-full\">\r\n        <\/a>\r\n    <\/div>\r\n    <div class=\"content\">\r\n        <h3 class=\"title\"><a href=\"https:\/\/www.yuliocars.com\/en\/st_car\/2019-dodge-gran-caravan\/\" class=\"st-link c-main\">2019 DODGE GRAND CARAVAN Z40<\/a><\/h3>\r\n        <div class=\"price-wrapper\">\r\n            from <span class=\"price\">$114,00<\/span>\r\n        <\/div>\r\n    <\/div>\r\n<\/div><\/div>\r\n<\/div>\n\t<\/div> \n<\/div><!--End .row--><\/div><!--End .container--><\/div>\n<\/div>","protected":false},"excerpt":{"rendered":"FAQs \u00bfQu\u00e9 es Yulio Cars? Yulio Cars es una plataforma en l\u00ednea de uso compartido de veh\u00edculos, creada para conectar a los due\u00f1os de veh\u00edculos \u00fanica y exclusivamente con Turistas que deseen reservar dichos veh\u00edculos. \u00bfQuienes pueden reservar un veh\u00edculo como Turista? La persona que desee reservar un veh\u00edculo como Turista en La Plataforma de [...]","protected":false},"author":162,"featured_media":10410,"parent":0,"menu_order":0,"comment_status":"closed","ping_status":"closed","template":"template-home-modern.php","meta":{"footnotes":""},"class_list":["post-8922","page","type-page","status-publish","has-post-thumbnail","hentry"],"_links":{"self":[{"href":"https:\/\/www.yuliocars.com\/en\/wp-json\/wp\/v2\/pages\/8922","targetHints":{"allow":["GET"]}}],"collection":[{"href":"https:\/\/www.yuliocars.com\/en\/wp-json\/wp\/v2\/pages"}],"about":[{"href":"https:\/\/www.yuliocars.com\/en\/wp-json\/wp\/v2\/types\/page"}],"author":[{"embeddable":true,"href":"https:\/\/www.yuliocars.com\/en\/wp-json\/wp\/v2\/users\/162"}],"replies":[{"embeddable":true,"href":"https:\/\/www.yuliocars.com\/en\/wp-json\/wp\/v2\/comments?post=8922"}],"version-history":[{"count":4,"href":"https:\/\/www.yuliocars.com\/en\/wp-json\/wp\/v2\/pages\/8922\/revisions"}],"predecessor-version":[{"id":10798,"href":"https:\/\/www.yuliocars.com\/en\/wp-json\/wp\/v2\/pages\/8922\/revisions\/10798"}],"wp:featuredmedia":[{"embeddable":true,"href":"https:\/\/www.yuliocars.com\/en\/wp-json\/wp\/v2\/media\/10410"}],"wp:attachment":[{"href":"https:\/\/www.yuliocars.com\/en\/wp-json\/wp\/v2\/media?parent=8922"}],"curies":[{"name":"wp","href":"https:\/\/api.w.org\/{rel}","templated":true}]}}